{"id":7,"date":"2026-03-27T18:56:01","date_gmt":"2026-03-27T18:56:01","guid":{"rendered":"https:\/\/wp8939738.hostingrd.pl\/?page_id=7"},"modified":"2026-03-28T15:48:44","modified_gmt":"2026-03-28T15:48:44","slug":"home-powitanie","status":"publish","type":"page","link":"https:\/\/karolinalesicka.com\/","title":{"rendered":"Home"},"content":{"rendered":"\n<blockquote class=\"wp-block-quote is-layout-flow wp-block-quote-is-layout-flow\">\n<blockquote class=\"wp-block-quote is-layout-flow wp-block-quote-is-layout-flow\">\n<blockquote class=\"wp-block-quote is-layout-flow wp-block-quote-is-layout-flow\">\n<blockquote class=\"wp-block-quote is-layout-flow wp-block-quote-is-layout-flow\">\n<blockquote class=\"wp-block-quote has-small-font-size is-layout-flow wp-block-quote-is-layout-flow\">\n<p class=\"has-text-align-center has-black-color has-text-color has-link-color wp-elements-cab8a0d24020b96b231a6433f1f03f09\" style=\"font-size:19px\">Tworz\u0119 tre\u015bci, kt\u00f3re dobrze si\u0119 czyta \u2014 kt\u00f3re przyci\u0105gaj\u0105 uwag\u0119, buduj\u0105 zaufanie i wspieraj\u0105 sprzeda\u017c.<\/p>\n\n\n\n<p class=\"has-text-align-center has-black-color has-text-color has-link-color wp-elements-f10d5e320126356aa751c9c8c63b2262\" style=\"font-size:19px\">Pomagam markom m\u00f3wi\u0107 prostym i zrozumia\u0142ym j\u0119zykiem.<\/p>\n<\/blockquote>\n<\/blockquote>\n<\/blockquote>\n<\/blockquote>\n<\/blockquote>\n\n\n<div class=\"wp-block-image\">\n<figure class=\"aligncenter size-full is-resized\"><img loading=\"lazy\" decoding=\"async\" width=\"1280\" height=\"1920\" src=\"https:\/\/karolinalesicka.com\/wp-content\/uploads\/2026\/03\/KarolinaLesicka-Sesja202656z129.jpg\" alt=\"\" class=\"wp-image-61\" style=\"width:388px;height:auto\" srcset=\"https:\/\/karolinalesicka.com\/wp-content\/uploads\/2026\/03\/KarolinaLesicka-Sesja202656z129.jpg 1280w, https:\/\/karolinalesicka.com\/wp-content\/uploads\/2026\/03\/KarolinaLesicka-Sesja202656z129-300x450.jpg 300w, https:\/\/karolinalesicka.com\/wp-content\/uploads\/2026\/03\/KarolinaLesicka-Sesja202656z129-1024x1536.jpg 1024w, https:\/\/karolinalesicka.com\/wp-content\/uploads\/2026\/03\/KarolinaLesicka-Sesja202656z129-800x1200.jpg 800w\" sizes=\"auto, (max-width: 1280px) 100vw, 1280px\" \/><\/figure>\n<\/div>\n\n\n<div class=\"wp-block-buttons is-layout-flex wp-block-buttons-is-layout-flex\">\n<div class=\"wp-block-button\"><a class=\"wp-block-button__link wp-element-button\" href=\"https:\/\/karolinalesicka.com\/index.php\/about-o-mnie\/\">Poznajmy si\u0119<\/a><\/div>\n<\/div>\n\n\n\n<p><\/p>\n","protected":false},"excerpt":{"rendered":"","protected":false},"author":1,"featured_media":0,"parent":0,"menu_order":0,"comment_status":"closed","ping_status":"closed","template":"","meta":{"_vp_format_video_url":"","_vp_image_focal_point":[],"_vp_custom_popup_image":0,"_vp_format_audio_url":"","_vp_album_images":[],"_vp_custom_thumbnail":0,"_vp_custom_thumbnail_focal_point":[],"_vp_custom_thumbnail_cover":0,"_vp_hover_thumbnail":0,"_vp_hover_thumbnail_focal_point":[],"footnotes":""},"class_list":["post-7","page","type-page","status-publish","hentry"],"jetpack_sharing_enabled":true,"_links":{"self":[{"href":"https:\/\/karolinalesicka.com\/index.php\/wp-json\/wp\/v2\/pages\/7","targetHints":{"allow":["GET"]}}],"collection":[{"href":"https:\/\/karolinalesicka.com\/index.php\/wp-json\/wp\/v2\/pages"}],"about":[{"href":"https:\/\/karolinalesicka.com\/index.php\/wp-json\/wp\/v2\/types\/page"}],"author":[{"embeddable":true,"href":"https:\/\/karolinalesicka.com\/index.php\/wp-json\/wp\/v2\/users\/1"}],"replies":[{"embeddable":true,"href":"https:\/\/karolinalesicka.com\/index.php\/wp-json\/wp\/v2\/comments?post=7"}],"version-history":[{"count":17,"href":"https:\/\/karolinalesicka.com\/index.php\/wp-json\/wp\/v2\/pages\/7\/revisions"}],"predecessor-version":[{"id":137,"href":"https:\/\/karolinalesicka.com\/index.php\/wp-json\/wp\/v2\/pages\/7\/revisions\/137"}],"wp:attachment":[{"href":"https:\/\/karolinalesicka.com\/index.php\/wp-json\/wp\/v2\/media?parent=7"}],"curies":[{"name":"wp","href":"https:\/\/api.w.org\/{rel}","templated":true}]}}