{"id":14,"date":"2026-03-27T18:47:31","date_gmt":"2026-03-27T18:47:31","guid":{"rendered":"https:\/\/wp8939738.hostingrd.pl\/?page_id=14"},"modified":"2026-03-28T14:16:20","modified_gmt":"2026-03-28T14:16:20","slug":"start-here-kontakt","status":"publish","type":"page","link":"https:\/\/karolinalesicka.com\/index.php\/start-here-kontakt\/","title":{"rendered":"Start here \/ Kontakt"},"content":{"rendered":"\n<p>Masz projekt, tre\u015bci do uporz\u0105dkowania albo pomys\u0142, kt\u00f3ry wymaga s\u0142\u00f3w, kt\u00f3re naprawd\u0119 dzia\u0142aj\u0105? Napisz do mnie, a znajdziemy najlepsze rozwi\u0105zanie dla Twojej marki.<\/p>\n\n\n\n<p><br><\/p>\n\n\n\n<div class=\"wp-block-columns is-layout-flex wp-container-core-columns-is-layout-9d6595d7 wp-block-columns-is-layout-flex\">\n<div class=\"wp-block-column is-layout-flow wp-block-column-is-layout-flow\"><div class=\"wp-block-jetpack-contact-form is-vertical is-content-justification-left is-nowrap is-layout-flex wp-container-jetpack-contact-form-is-layout-b13c9bd3 wp-block-jetpack-contact-form-is-layout-flex\"><a href=\"https:\/\/karolinalesicka.com\/index.php\/start-here-kontakt\/\" target=\"_blank\" rel=\"noopener noreferrer\">Prze\u015blij formularz.<\/a><\/div><\/div>\n\n\n\n<div class=\"wp-block-column is-vertically-aligned-top is-layout-flow wp-block-column-is-layout-flow\">\n<figure class=\"wp-block-image size-full\"><img loading=\"lazy\" decoding=\"async\" width=\"1280\" height=\"1920\" src=\"https:\/\/karolinalesicka.com\/wp-content\/uploads\/2026\/03\/KarolinaLesicka-Sesja202638z129-1.jpg\" alt=\"\" class=\"wp-image-51\" srcset=\"https:\/\/karolinalesicka.com\/wp-content\/uploads\/2026\/03\/KarolinaLesicka-Sesja202638z129-1.jpg 1280w, https:\/\/karolinalesicka.com\/wp-content\/uploads\/2026\/03\/KarolinaLesicka-Sesja202638z129-1-300x450.jpg 300w, https:\/\/karolinalesicka.com\/wp-content\/uploads\/2026\/03\/KarolinaLesicka-Sesja202638z129-1-1024x1536.jpg 1024w, https:\/\/karolinalesicka.com\/wp-content\/uploads\/2026\/03\/KarolinaLesicka-Sesja202638z129-1-800x1200.jpg 800w\" sizes=\"auto, (max-width: 1280px) 100vw, 1280px\" \/><\/figure>\n<\/div>\n<\/div>\n\n\n\n<p><\/p>\n","protected":false},"excerpt":{"rendered":"<p>Masz projekt, tre\u015bci do uporz\u0105dkowania albo pomys\u0142, kt\u00f3ry wymaga s\u0142\u00f3w, kt\u00f3re naprawd\u0119 dzia\u0142aj\u0105? Napisz do mnie, a znajdziemy najlepsze rozwi\u0105zanie dla Twojej marki.<\/p>\n","protected":false},"author":1,"featured_media":0,"parent":0,"menu_order":0,"comment_status":"closed","ping_status":"closed","template":"","meta":{"_vp_format_video_url":"","_vp_image_focal_point":[],"_vp_custom_popup_image":0,"_vp_format_audio_url":"","_vp_album_images":[],"_vp_custom_thumbnail":0,"_vp_custom_thumbnail_focal_point":[],"_vp_custom_thumbnail_cover":0,"_vp_hover_thumbnail":0,"_vp_hover_thumbnail_focal_point":[],"footnotes":""},"class_list":["post-14","page","type-page","status-publish","hentry"],"jetpack_sharing_enabled":true,"_links":{"self":[{"href":"https:\/\/karolinalesicka.com\/index.php\/wp-json\/wp\/v2\/pages\/14","targetHints":{"allow":["GET"]}}],"collection":[{"href":"https:\/\/karolinalesicka.com\/index.php\/wp-json\/wp\/v2\/pages"}],"about":[{"href":"https:\/\/karolinalesicka.com\/index.php\/wp-json\/wp\/v2\/types\/page"}],"author":[{"embeddable":true,"href":"https:\/\/karolinalesicka.com\/index.php\/wp-json\/wp\/v2\/users\/1"}],"replies":[{"embeddable":true,"href":"https:\/\/karolinalesicka.com\/index.php\/wp-json\/wp\/v2\/comments?post=14"}],"version-history":[{"count":8,"href":"https:\/\/karolinalesicka.com\/index.php\/wp-json\/wp\/v2\/pages\/14\/revisions"}],"predecessor-version":[{"id":116,"href":"https:\/\/karolinalesicka.com\/index.php\/wp-json\/wp\/v2\/pages\/14\/revisions\/116"}],"wp:attachment":[{"href":"https:\/\/karolinalesicka.com\/index.php\/wp-json\/wp\/v2\/media?parent=14"}],"curies":[{"name":"wp","href":"https:\/\/api.w.org\/{rel}","templated":true}]}}