{"id":12,"date":"2026-03-27T18:47:31","date_gmt":"2026-03-27T18:47:31","guid":{"rendered":"https:\/\/wp8939738.hostingrd.pl\/?page_id=12"},"modified":"2026-03-28T15:58:44","modified_gmt":"2026-03-28T15:58:44","slug":"hire-me-uslugi","status":"publish","type":"page","link":"https:\/\/karolinalesicka.com\/index.php\/hire-me-uslugi\/","title":{"rendered":"Hire Me \/ Us\u0142ugi"},"content":{"rendered":"\n<div class=\"wp-block-jetpack-slideshow alignfull\" data-effect=\"slide\" style=\"--aspect-ratio:calc(1920 \/ 1280)\"><div class=\"wp-block-jetpack-slideshow_container swiper\"><ul class=\"wp-block-jetpack-slideshow_swiper-wrapper swiper-wrapper\"><li class=\"wp-block-jetpack-slideshow_slide swiper-slide\"><figure><img loading=\"lazy\" decoding=\"async\" width=\"1920\" height=\"1280\" alt=\"\" class=\"wp-block-jetpack-slideshow_image wp-image-39\" data-id=\"39\" data-aspect-ratio=\"1920 \/ 1280\" src=\"https:\/\/karolinalesicka.com\/wp-content\/uploads\/2026\/03\/KarolinaLesicka-Sesja202691z129.jpg\" srcset=\"https:\/\/karolinalesicka.com\/wp-content\/uploads\/2026\/03\/KarolinaLesicka-Sesja202691z129.jpg 1920w, https:\/\/karolinalesicka.com\/wp-content\/uploads\/2026\/03\/KarolinaLesicka-Sesja202691z129-300x200.jpg 300w, https:\/\/karolinalesicka.com\/wp-content\/uploads\/2026\/03\/KarolinaLesicka-Sesja202691z129-1440x960.jpg 1440w, https:\/\/karolinalesicka.com\/wp-content\/uploads\/2026\/03\/KarolinaLesicka-Sesja202691z129-1536x1024.jpg 1536w, https:\/\/karolinalesicka.com\/wp-content\/uploads\/2026\/03\/KarolinaLesicka-Sesja202691z129-800x533.jpg 800w\" sizes=\"(max-width: 1920px) 100vw, 1920px\" \/><\/figure><\/li><\/ul><a class=\"wp-block-jetpack-slideshow_button-prev swiper-button-prev swiper-button-white\" role=\"button\"><\/a><a class=\"wp-block-jetpack-slideshow_button-next swiper-button-next swiper-button-white\" role=\"button\"><\/a><a aria-label=\"Pause Slideshow\" class=\"wp-block-jetpack-slideshow_button-pause\" role=\"button\"><\/a><div class=\"wp-block-jetpack-slideshow_pagination swiper-pagination swiper-pagination-white\"><\/div><\/div><\/div>\n\n\n\n<blockquote class=\"wp-block-quote is-layout-flow wp-block-quote-is-layout-flow\">\n<p class=\"has-text-align-center\">Dobre teksty s\u0105 proste, dlatego dzia\u0142aj\u0105<\/p>\n<\/blockquote>\n\n\n\n<h2 class=\"wp-block-heading\"><strong>Tw\u00f3j content mo\u017ce dzia\u0142a\u0107 lepiej<\/strong>!<\/h2>\n\n\n\n<p><br>Zwi\u0119ksz ruch na stronie i przekszta\u0142\u0107 odwiedzaj\u0105cych w klient\u00f3w. Je\u015bli chcesz podnie\u015b\u0107 poprzeczk\u0119 w content marketingu, porozmawiajmy.<br><\/p>\n\n\n\n<h3 class=\"wp-block-heading\"><strong>Dla kogo tworz\u0119 tre\u015bci:<\/strong><\/h3>\n\n\n\n<ul class=\"wp-block-list\">\n<li>Startupy i ma\u0142e firmy<\/li>\n\n\n\n<li>Agencje marketingowe<\/li>\n\n\n\n<li>Du\u017ce firmy<\/li>\n\n\n\n<li>Magazyny i wydawnictwa online<\/li>\n<\/ul>\n\n\n\n<h3 class=\"wp-block-heading\"><strong>Jak mog\u0119 Ci\u0119 wspiera\u0107 <\/strong>?<\/h3>\n\n\n\n<p>Po trzech latach pracy w e-commerce w PLL LOT nauczy\u0142am si\u0119 pisa\u0107 tre\u015bci, kt\u00f3re nie tylko dobrze si\u0119 czyta, ale te\u017c kt\u00f3re przyci\u0105gaj\u0105 uwag\u0119, buduj\u0105 zaufanie i wspieraj\u0105 sprzeda\u017c. Teraz pomagam markom, startupom i wydawnictwom tworzy\u0107 tre\u015bci proste, zrozumia\u0142e i skuteczne.<\/p>\n\n\n\n<div class=\"wp-block-media-text has-media-on-the-right is-stacked-on-mobile\"><div class=\"wp-block-media-text__content\">\n<h4 class=\"wp-block-heading\">Copywriting<\/h4>\n\n\n\n<p>Twoje tre\u015bci na stronie internetowej powinny opowiada\u0107 histori\u0119, kt\u00f3ra przyci\u0105gnie uwag\u0119 i przekona do dzia\u0142ania.<br><strong>Dla kogo:<\/strong> startupy, ma\u0142e firmy, us\u0142ugodawcy<br><strong>Co obejmuje:<\/strong>&nbsp;<\/p>\n\n\n\n<ul class=\"wp-block-list\">\n<li>Rozmowa strategiczna<\/li>\n\n\n\n<li>Research Twojej marki i odbiorc\u00f3w<\/li>\n\n\n\n<li>Przygotowanie tekst\u00f3w w Google Docs<\/li>\n<\/ul>\n\n\n\n<p>Uwzgl\u0119dniam SEO, UX i najlepsze praktyki bran\u017cowe.<\/p>\n<\/div><figure class=\"wp-block-media-text__media\"><img loading=\"lazy\" decoding=\"async\" width=\"1280\" height=\"1920\" src=\"https:\/\/karolinalesicka.com\/wp-content\/uploads\/2026\/03\/KarolinaLesicka-Sesja202696z129.jpg\" alt=\"\" class=\"wp-image-65 size-full\" srcset=\"https:\/\/karolinalesicka.com\/wp-content\/uploads\/2026\/03\/KarolinaLesicka-Sesja202696z129.jpg 1280w, https:\/\/karolinalesicka.com\/wp-content\/uploads\/2026\/03\/KarolinaLesicka-Sesja202696z129-300x450.jpg 300w, https:\/\/karolinalesicka.com\/wp-content\/uploads\/2026\/03\/KarolinaLesicka-Sesja202696z129-1024x1536.jpg 1024w, https:\/\/karolinalesicka.com\/wp-content\/uploads\/2026\/03\/KarolinaLesicka-Sesja202696z129-800x1200.jpg 800w\" sizes=\"auto, (max-width: 1280px) 100vw, 1280px\" \/><\/figure><\/div>\n\n\n\n<p><\/p>\n\n\n\n<div class=\"wp-block-media-text is-stacked-on-mobile\"><figure class=\"wp-block-media-text__media\"><img loading=\"lazy\" decoding=\"async\" width=\"1280\" height=\"1920\" src=\"https:\/\/karolinalesicka.com\/wp-content\/uploads\/2026\/03\/KarolinaLesicka-Sesja202640z129.jpg\" alt=\"\" class=\"wp-image-62 size-full\" srcset=\"https:\/\/karolinalesicka.com\/wp-content\/uploads\/2026\/03\/KarolinaLesicka-Sesja202640z129.jpg 1280w, https:\/\/karolinalesicka.com\/wp-content\/uploads\/2026\/03\/KarolinaLesicka-Sesja202640z129-300x450.jpg 300w, https:\/\/karolinalesicka.com\/wp-content\/uploads\/2026\/03\/KarolinaLesicka-Sesja202640z129-1024x1536.jpg 1024w, https:\/\/karolinalesicka.com\/wp-content\/uploads\/2026\/03\/KarolinaLesicka-Sesja202640z129-800x1200.jpg 800w\" sizes=\"auto, (max-width: 1280px) 100vw, 1280px\" \/><\/figure><div class=\"wp-block-media-text__content\">\n<h4 class=\"wp-block-heading\">Blog \/ SEO Content<\/h4>\n\n\n\n<p>Nie chodzi tylko o publikowanie post\u00f3w. Tworz\u0119 tre\u015bci anga\u017cuj\u0105ce, zoptymalizowane pod SEO, kt\u00f3re zwi\u0119kszaj\u0105 ruch organiczny i pozycjonuj\u0105 Twoj\u0105 mark\u0119.<br><strong>Dla kogo:<\/strong> Firmy, agencje, strony internetowe, magazyny online<br><strong>Co obejmuje:<\/strong>&nbsp;<\/p>\n\n\n\n<ul class=\"wp-block-list\">\n<li>Pisanie post\u00f3w i artyku\u0142\u00f3w<\/li>\n\n\n\n<li>Tworzenie pomys\u0142\u00f3w na tematy<\/li>\n\n\n\n<li>Zarz\u0105dzanie kalendarzem tre\u015bci<\/li>\n\n\n\n<li>Publikacja w Word Press lub Adobe Expericence<\/li>\n<\/ul>\n<\/div><\/div>\n\n\n\n<div class=\"wp-block-media-text has-media-on-the-right is-stacked-on-mobile\"><div class=\"wp-block-media-text__content\">\n<h4 class=\"wp-block-heading\">UX Writing &amp; Content Strategy<\/h4>\n\n\n\n<p>Wsp\u00f3\u0142pracuj\u0119 z deweloperami i zespo\u0142ami marketingu, tworz\u0105c jasn\u0105, intuicyjn\u0105 komunikacj\u0119 w procesach u\u017cytkownika.<br><strong>Dla kogo:<\/strong> Du\u017ce firmy i platformy cyfrowe<br><strong>Co obejmuje:<\/strong><\/p>\n\n\n\n<ul class=\"wp-block-list\">\n<li>Projektowanie tre\u015bci w procesach UX<\/li>\n\n\n\n<li>Optymalizacja komunikacji pod konwersj\u0119<\/li>\n\n\n\n<li>Wsparcie SEO i dost\u0119pno\u015bci (WCAG)<\/li>\n\n\n\n<li>Publikacja w Word Press lub Adobe Experience Manager<\/li>\n<\/ul>\n<\/div><figure class=\"wp-block-media-text__media\"><img loading=\"lazy\" decoding=\"async\" width=\"1280\" height=\"1920\" src=\"https:\/\/karolinalesicka.com\/wp-content\/uploads\/2026\/03\/KarolinaLesicka-Sesja202639z129.jpg\" alt=\"\" class=\"wp-image-52 size-full\" srcset=\"https:\/\/karolinalesicka.com\/wp-content\/uploads\/2026\/03\/KarolinaLesicka-Sesja202639z129.jpg 1280w, https:\/\/karolinalesicka.com\/wp-content\/uploads\/2026\/03\/KarolinaLesicka-Sesja202639z129-300x450.jpg 300w, https:\/\/karolinalesicka.com\/wp-content\/uploads\/2026\/03\/KarolinaLesicka-Sesja202639z129-1024x1536.jpg 1024w, https:\/\/karolinalesicka.com\/wp-content\/uploads\/2026\/03\/KarolinaLesicka-Sesja202639z129-800x1200.jpg 800w\" sizes=\"auto, (max-width: 1280px) 100vw, 1280px\" \/><\/figure><\/div>\n\n\n\n<div class=\"wp-block-media-text is-stacked-on-mobile\"><figure class=\"wp-block-media-text__media\"><img loading=\"lazy\" decoding=\"async\" width=\"1280\" height=\"1920\" src=\"https:\/\/karolinalesicka.com\/wp-content\/uploads\/2026\/03\/KarolinaLesicka-Sesja202689z129.jpg\" alt=\"\" class=\"wp-image-53 size-full\" srcset=\"https:\/\/karolinalesicka.com\/wp-content\/uploads\/2026\/03\/KarolinaLesicka-Sesja202689z129.jpg 1280w, https:\/\/karolinalesicka.com\/wp-content\/uploads\/2026\/03\/KarolinaLesicka-Sesja202689z129-300x450.jpg 300w, https:\/\/karolinalesicka.com\/wp-content\/uploads\/2026\/03\/KarolinaLesicka-Sesja202689z129-1024x1536.jpg 1024w, https:\/\/karolinalesicka.com\/wp-content\/uploads\/2026\/03\/KarolinaLesicka-Sesja202689z129-800x1200.jpg 800w\" sizes=\"auto, (max-width: 1280px) 100vw, 1280px\" \/><\/figure><div class=\"wp-block-media-text__content\">\n<h4 class=\"wp-block-heading\">Ghostwriting \/ artyku\u0142y eksperckie<\/h4>\n\n\n\n<p>Masz wiedz\u0119 i do\u015bwiadczenie, ale brak czasu? Napisz\u0119 artyku\u0142y w Twoim imieniu, tak by Twoje nazwisko b\u0142yszcza\u0142o, a proces by\u0142 prosty i bezstresowy.<br><strong>Dla kogo:<\/strong> w\u0142a\u015bciciele firm, liderzy opinii, kadra zarz\u0105dzaj\u0105ca<br><strong>Co obejmuje:<\/strong>&nbsp;<\/p>\n\n\n\n<ul class=\"wp-block-list\">\n<li>Research \u2192 pisanie \u2192 dopracowanie tre\u015bci pod Tw\u00f3j styl<\/li>\n\n\n\n<li>Kompletna redakcja i korekta<\/li>\n<\/ul>\n<\/div><\/div>\n\n\n\n<h2 class=\"wp-block-heading\"><strong>Proces wsp\u00f3\u0142pracy:<\/strong><\/h2>\n\n\n\n<ol class=\"wp-block-list\">\n<li><strong>Porozmawiamy<\/strong><br>Opowiesz mi o swojej marce i potrzebach, a ja zaproponuj\u0119 najlepsze rozwi\u0105zania.<\/li>\n\n\n\n<li><strong>Tworz\u0119 tre\u015bci<\/strong><br>Ty wracasz do swoich obowi\u0105zk\u00f3w, a ja pisz\u0119 artyku\u0142y, posty i teksty, dopasowane do Twojej marki i grupy odbiorc\u00f3w.<\/li>\n\n\n\n<li><strong>Odbierasz gotowe materia\u0142y<\/strong><br>Dostarczam gotowe teksty w wybranym formacie \u2013 gotowe do publikacji na stronie i w mediach spo\u0142eczno\u015bciowych.<\/li>\n<\/ol>\n\n\n\n<h3 class=\"wp-block-heading\">Potrzebujesz tre\u015bci, kt\u00f3re naprawd\u0119 dzia\u0142aj\u0105?<\/h3>\n\n\n\n<p>Ch\u0119tnie stworz\u0119 dla Ciebie s\u0142owa, kt\u00f3re przyci\u0105gn\u0105 uwag\u0119 i zwi\u0119ksz\u0105 konwersj\u0119 na stronie.<\/p>\n\n\n\n<div class=\"wp-block-buttons is-layout-flex wp-block-buttons-is-layout-flex\">\n<div class=\"wp-block-button\"><a class=\"wp-block-button__link wp-element-button\" href=\"https:\/\/karolinalesicka.com\/index.php\/start-here-kontakt\/\">Porozmawiajmy<\/a><\/div>\n\n\n\n<div class=\"wp-block-button\"><a class=\"wp-block-button__link wp-element-button\" href=\"https:\/\/karolinalesicka.com\/index.php\/portfolio\/\">Poznaj moje portfolio<\/a><\/div>\n<\/div>\n\n\n\n<p><\/p>\n","protected":false},"excerpt":{"rendered":"<p>Dobre teksty s\u0105 proste, dlatego dzia\u0142aj\u0105 Tw\u00f3j content mo\u017ce dzia\u0142a\u0107 lepiej! Zwi\u0119ksz ruch na stronie i przekszta\u0142\u0107 odwiedzaj\u0105cych w klient\u00f3w. Je\u015bli chcesz podnie\u015b\u0107 poprzeczk\u0119 w content marketingu, porozmawiajmy. Dla kogo tworz\u0119 tre\u015bci: Jak mog\u0119 Ci\u0119 wspiera\u0107 ? Po trzech latach pracy w e-commerce w PLL LOT nauczy\u0142am si\u0119 pisa\u0107 tre\u015bci, kt\u00f3re nie tylko dobrze si\u0119 czyta, ale te\u017c kt\u00f3re przyci\u0105gaj\u0105&hellip;<\/p>\n","protected":false},"author":1,"featured_media":0,"parent":0,"menu_order":0,"comment_status":"closed","ping_status":"closed","template":"","meta":{"_vp_format_video_url":"","_vp_image_focal_point":[],"_vp_custom_popup_image":0,"_vp_format_audio_url":"","_vp_album_images":[],"_vp_custom_thumbnail":0,"_vp_custom_thumbnail_focal_point":[],"_vp_custom_thumbnail_cover":0,"_vp_hover_thumbnail":0,"_vp_hover_thumbnail_focal_point":[],"footnotes":""},"class_list":["post-12","page","type-page","status-publish","hentry"],"jetpack_sharing_enabled":true,"_links":{"self":[{"href":"https:\/\/karolinalesicka.com\/index.php\/wp-json\/wp\/v2\/pages\/12","targetHints":{"allow":["GET"]}}],"collection":[{"href":"https:\/\/karolinalesicka.com\/index.php\/wp-json\/wp\/v2\/pages"}],"about":[{"href":"https:\/\/karolinalesicka.com\/index.php\/wp-json\/wp\/v2\/types\/page"}],"author":[{"embeddable":true,"href":"https:\/\/karolinalesicka.com\/index.php\/wp-json\/wp\/v2\/users\/1"}],"replies":[{"embeddable":true,"href":"https:\/\/karolinalesicka.com\/index.php\/wp-json\/wp\/v2\/comments?post=12"}],"version-history":[{"count":14,"href":"https:\/\/karolinalesicka.com\/index.php\/wp-json\/wp\/v2\/pages\/12\/revisions"}],"predecessor-version":[{"id":144,"href":"https:\/\/karolinalesicka.com\/index.php\/wp-json\/wp\/v2\/pages\/12\/revisions\/144"}],"wp:attachment":[{"href":"https:\/\/karolinalesicka.com\/index.php\/wp-json\/wp\/v2\/media?parent=12"}],"curies":[{"name":"wp","href":"https:\/\/api.w.org\/{rel}","templated":true}]}}